{"id":530,"date":"2024-09-30T18:58:08","date_gmt":"2024-09-30T16:58:08","guid":{"rendered":"https:\/\/borncity.com\/books\/?page_id=530"},"modified":"2026-01-09T06:18:01","modified_gmt":"2026-01-09T05:18:01","slug":"free-books-library","status":"publish","type":"page","link":"https:\/\/borncity.eu\/books\/free-books-library\/","title":{"rendered":"Free Books Library"},"content":{"rendered":"<p>Nachfolgend finden Sie B\u00fccher und Leseproben im HTML- oder PDF-Format zum kostenlosen Download. Mit dem Abrufen erkennen Sie explizit die unten aufgef\u00fchrten Nutzungsbedingungen an.<\/p>\n<ul>\n<li><a href=\"https:\/\/www.borncity.eu\/web\/Library\/EinfASM.pdf\" target=\"_new\" rel=\"noopener\">Einf\u00fchrung in Assembler<\/a>\u00a0(Kompletter\u00a0Titel, 12-Januar-2001)<\/li>\n<li><a href=\"https:\/\/www.borncity.eu\/web\/Library\/Source.zip\">Einf\u00fchrung\u00a0in Assembler<\/a>\u00a0(Beispiele, 12-Januar-2001)<\/li>\n<li><a href=\"https:\/\/borncity.eu\/web\/Library\/DOSProgHB.PDF\" target=\"_new\" rel=\"noopener\">MS-DOS\u00a0Programmierhandbuch<\/a>\u00a0(Kompletter Titel, 1993, ca. 3 MB\u00a0als PDF)<\/li>\n<li><a href=\"https:\/\/www.borncity.eu\/web\/Library\/PowerBasicHB.pdf\" target=\"_new\" rel=\"noopener\">PowerBasic-Programmierhandbuch<\/a>\u00a0(Kompletter\u00a0Titel, 1993, ca. 1,2 MB als PDF)<\/li>\n<li><a href=\"https:\/\/www.borncity.eu\/web\/Library\/PBProgHBBeisp.zip\">PowerBasic-Programmierhandbuch<\/a>\u00a0(Beispiele in ZIP-Archiv , ca. 100 KB)<\/li>\n<\/ul>\n<h3>Nutzungsbedingungen<\/h3>\n<p>Die hier herunterladbaren Dokumente unterliegen dem Copyright von G\u00fcnter Born. Sie d\u00fcrfen die Dateien nur f\u00fcr private Zwecke\u00a0verwenden. Eine Nutzung in eigenen Werken (B\u00fccher, CD), die Weitergabe auf Webseiten oder auf CD-ROMs ist ohne schriftliche<br \/>\nZustimmung des Autors unzul\u00e4ssig. Weiterhin erfolgt die Weitergabe auf Basis AS-IS, ohne Unterst\u00fctzung, Haftung oder\u00a0Gew\u00e4hrleistung irgend einer Art. Falls Sie diesen Bedingungen nicht zustimmen, d\u00fcrfen Sie die betreffenden Dateien nicht<br \/>\nverwenden.<\/p>\n<p>PS: Das Erstellen der PDF-Dateien und das Hosten ist mit Aufwand und Kosten verbunden. Die B\u00fccher werden daher als Donation-Ware bereitgestellt, d.h. \u00fcber eine kleine, freiwillige Spende tragen Sie als Nutzer dazu bei, dass zuk\u00fcnftig auch weitere Werke hier publiziert werden. Die Spende kann z.B. \u00fcber PayPal erfolgen \u2013 oder direkt an mich gehen (ggf. \u00fcber das Kontaktformular der Webseite anfragen).<\/p>\n<hr \/>\n<p>1999 \u2013 2026 (c) G\u00fcnter Born <a href=\"https:\/\/www.borncity.eu\/\">www.borncity.eu<\/a><\/p>\n","protected":false},"excerpt":{"rendered":"<p>Nachfolgend finden Sie B\u00fccher und Leseproben im HTML- oder PDF-Format zum kostenlosen Download. Mit dem Abrufen erkennen Sie explizit die unten aufgef\u00fchrten Nutzungsbedingungen an. Einf\u00fchrung in Assembler\u00a0(Kompletter\u00a0Titel, 12-Januar-2001) Einf\u00fchrung\u00a0in Assembler\u00a0(Beispiele, 12-Januar-2001) MS-DOS\u00a0Programmierhandbuch\u00a0(Kompletter Titel, 1993, ca. 3 MB\u00a0als PDF) PowerBasic-Programmierhandbuch\u00a0(Kompletter\u00a0Titel, 1993, &hellip; <a href=\"https:\/\/borncity.eu\/books\/free-books-library\/\">Weiterlesen <span class=\"meta-nav\">&rarr;<\/span><\/a><\/p>\n","protected":false},"author":1,"featured_media":0,"parent":0,"menu_order":0,"comment_status":"closed","ping_status":"closed","template":"","meta":{"footnotes":""},"class_list":["post-530","page","type-page","status-publish","hentry"],"_links":{"self":[{"href":"https:\/\/borncity.eu\/books\/wp-json\/wp\/v2\/pages\/530","targetHints":{"allow":["GET"]}}],"collection":[{"href":"https:\/\/borncity.eu\/books\/wp-json\/wp\/v2\/pages"}],"about":[{"href":"https:\/\/borncity.eu\/books\/wp-json\/wp\/v2\/types\/page"}],"author":[{"embeddable":true,"href":"https:\/\/borncity.eu\/books\/wp-json\/wp\/v2\/users\/1"}],"replies":[{"embeddable":true,"href":"https:\/\/borncity.eu\/books\/wp-json\/wp\/v2\/comments?post=530"}],"version-history":[{"count":3,"href":"https:\/\/borncity.eu\/books\/wp-json\/wp\/v2\/pages\/530\/revisions"}],"predecessor-version":[{"id":614,"href":"https:\/\/borncity.eu\/books\/wp-json\/wp\/v2\/pages\/530\/revisions\/614"}],"wp:attachment":[{"href":"https:\/\/borncity.eu\/books\/wp-json\/wp\/v2\/media?parent=530"}],"curies":[{"name":"wp","href":"https:\/\/api.w.org\/{rel}","templated":true}]}}