{"id":21,"date":"2014-11-30T12:49:43","date_gmt":"2014-11-30T12:49:43","guid":{"rendered":"http:\/\/borncity.com\/japan\/?page_id=21"},"modified":"2026-01-07T16:49:25","modified_gmt":"2026-01-07T15:49:25","slug":"inhalt","status":"publish","type":"page","link":"https:\/\/borncity.eu\/japan\/","title":{"rendered":"Inhalt"},"content":{"rendered":"<ol>\n<li><a href=\"https:\/\/borncity.eu\/japan\/2010\/02\/16\/reiseerinnerungen-an-japan\/\">Reiseerinnerungen an Japan<\/a><\/li>\n<li><a href=\"https:\/\/borncity.eu\/japan\/2010\/02\/19\/die-1-reise-nach-nippon-teil-1\/\">Die 1. Reise nach Nippon \u2013 Teil 1<\/a><\/li>\n<li><a href=\"https:\/\/borncity.eu\/japan\/2010\/02\/23\/reise-frhstck-in-11-km-hhe-ber-dem-japanischen-meer\/\">Reise: Fr\u00fchst\u00fcck in 11 km H\u00f6he \u00fcber dem japanischen Meer<\/a><\/li>\n<li><a href=\"https:\/\/borncity.eu\/japan\/2010\/02\/23\/sie-werden-abgeholt\/\">Sie werden abgeholt \u2026.<\/a><\/li>\n<li><a href=\"https:\/\/borncity.eu\/japan\/2010\/02\/23\/stadtausflug-wie-kommt-man-zum-hotel-zurck\/\">Stadtausflug: Wie kommt man zum Hotel zur\u00fcck?<\/a><\/li>\n<li><a href=\"https:\/\/borncity.eu\/japan\/2010\/02\/23\/offenbachstuben\/\">Offenbachstuben<\/a><\/li>\n<li><a href=\"https:\/\/borncity.eu\/japan\/2010\/02\/28\/wenn-gaijin-japanisch-frhstckt\/\">Wenn Gaijin japanisch fr\u00fchst\u00fcckt\u2026<\/a><\/li>\n<li><a href=\"https:\/\/borncity.eu\/japan\/2010\/03\/02\/abgebrannt-in-japan-land\/\">Abgebrannt in Japan-Land<\/a><\/li>\n<li><a href=\"https:\/\/borncity.eu\/japan\/2010\/03\/04\/meet-the-staff-die-japanischen-kollegen\/\">Meet the staff \u2013 die japanischen Kollegen<\/a><\/li>\n<li><a href=\"https:\/\/borncity.eu\/japan\/2010\/06\/13\/gaijin-san-im-ryokan\/\">Gaijin-San im Ryokan \u2026<\/a><\/li>\n<li><a href=\"https:\/\/borncity.eu\/japan\/2014\/11\/28\/japanisch-frhstcken-mit-anleitung\/\">Japanisch fr\u00fchst\u00fccken mit Anleitung<\/a><\/li>\n<li><a href=\"https:\/\/borncity.eu\/japan\/2014\/12\/05\/gaijin-san-im-ryokan-mit-den-toiletten-slippern-im-frhstcksraum\/\">Gaijin-San im Ryokan: Mit den Toiletten-Slippern im Fr\u00fchst\u00fccksraum?<\/a><\/li>\n<li><a href=\"https:\/\/borncity.eu\/japan\/2014\/12\/09\/natto-oder-wie-gaijin-san-streikte\/\">Natt\u014d \u2013 oder wie Gaijin-San streikte<\/a><\/li>\n<li><a href=\"https:\/\/borncity.eu\/japan\/2014\/12\/10\/zimmer-und-garten-im-ryokan\/\">Zimmer und Garten im Ryokan<\/a><\/li>\n<li><a href=\"https:\/\/borncity.eu\/japan\/2014\/12\/10\/gaji-jin-im-ofuro\/\">Gaijn im Ofuro<\/a><\/li>\n<li><a href=\"https:\/\/borncity.eu\/japan\/2015\/01\/08\/yoghurt-mit-stbchen\/\">Wie isst man Yoghurt mit St\u00e4bchen?<\/a><\/li>\n<li><a href=\"https:\/\/borncity.eu\/japan\/2015\/01\/08\/monteurs-snack-eifelschinken-mit-raki\/\">Monteurs-Snack: Eifelschinken mit Raki<\/a><\/li>\n<li><a href=\"https:\/\/borncity.eu\/japan\/2015\/01\/08\/wir-leben-von-soba-suppe-wie-isst-man-nudelsuppe-mit-stbchen\/\">Wir leben von Soba-Suppe \u2026 wie isst man Nudelsuppe mit St\u00e4bchen?<\/a><\/li>\n<li><a href=\"https:\/\/borncity.eu\/japan\/2015\/01\/09\/wie-geht-man-ohne-sprachkenntnisse-japanisch-essen\/\">Wie geht man ohne Sprachkenntnisse japanisch essen?<\/a><\/li>\n<li><a href=\"https:\/\/borncity.eu\/japan\/2015\/01\/11\/essen-von-lebenden-fischen-und-getrockneten-tausendflern\/\">Essen: Von \u2018lebenden\u2019 Fischen und getrockneten \u2018Tausendf\u00fc\u00dflern\u2019<br \/>\n<\/a><\/li>\n<li><a href=\"https:\/\/borncity.eu\/japan\/2015\/01\/12\/zaisu-sthle-ohne-beine\/\" rel=\"next\">Zaisu: St\u00fchle ohne Beine<\/a><\/li>\n<li><a href=\"https:\/\/borncity.eu\/japan\/2015\/02\/03\/die-sprache-der-ingenieure-ist-international\/\">Die Sprache der Ingenieure ist international<\/a><\/li>\n<li><a href=\"https:\/\/borncity.eu\/japan\/2015\/06\/27\/arbeitskleidung-auf-japanischen-baustellen\/\">Arbeitskleidung auf japanischen Baustellen<\/a><\/li>\n<li><a href=\"https:\/\/borncity.eu\/japan\/2015\/06\/27\/watanabe-sander-frhstcksdirektor\/\">Watanabe San \u2013 der \u201cFr\u00fchst\u00fccksdirektor\u201d<\/a><\/li>\n<li><a href=\"https:\/\/borncity.eu\/japan\/2015\/06\/27\/arbeitsleben-die-zustimmung-zum-projekt\/\">Arbeitsleben \u2013 Die Zustimmung zum Projekt<\/a><\/li>\n<li><a href=\"https:\/\/borncity.eu\/japan\/2015\/06\/27\/arbeitsleben-nach-der-arbeit\/\">Arbeitsleben \u2013 \u2018Feiern\u2019 nach der Arbeit<\/a><\/li>\n<li><a href=\"https:\/\/borncity.eu\/japan\/2015\/06\/27\/japaner-arbeiten-bis-zum-umfallen-und-schlafen-nie\/\">Japaner arbeiten bis zum Umfallen und schlafen nie<\/a><\/li>\n<li><a href=\"https:\/\/borncity.eu\/japan\/2015\/06\/27\/studierte-sekretrinnen\/\">Studierte Sekret\u00e4rinnen<\/a><\/li>\n<li><a href=\"https:\/\/borncity.eu\/japan\/2015\/06\/27\/kirschblte-in-japan-i\/\">Kirschbl\u00fcte in Japan \u2013 I<\/a><\/li>\n<li><a href=\"https:\/\/borncity.eu\/japan\/2015\/11\/18\/kirschblte-in-japan-ii\/\">Kirschbl\u00fcte in Japan \u2013 II<\/a><\/li>\n<li><a href=\"https:\/\/borncity.eu\/japan\/2015\/11\/19\/kawagoe-klein-edo-koedo-%E5%B0%8F%E6%B1%9F%E6%88%B8\/\">Kawagoe \u2013 Klein-Edo \u2013 Koedo (\u5c0f\u6c5f\u6238)<\/a><\/li>\n<li><a href=\"https:\/\/borncity.eu\/japan\/2015\/11\/21\/der-erste-kunde-im-kaufhuser\/\">Der erste Kunde im Kaufhaus \u2026<\/a><\/li>\n<li><a href=\"https:\/\/borncity.eu\/japan\/2015\/11\/22\/pacinko-spielhlle\/\">Pacinko-Spielhalle<\/a><\/li>\n<li><a href=\"https:\/\/borncity.eu\/japan\/2015\/11\/27\/eine-japanische-vogelscheuche\/\">Eine japanische Vogelscheuche<\/a><\/li>\n<li><a href=\"https:\/\/borncity.eu\/japan\/2015\/11\/28\/bands-im-yoyogi-park-in-tokyo\/\">Bands im Yoyogi-Park in Tokyo<\/a><\/li>\n<li><a href=\"https:\/\/borncity.eu\/japan\/2015\/11\/28\/was-kostet-das-bahnticket\/\">Was kostet das Bahnticket? <\/a><\/li>\n<li><a href=\"https:\/\/borncity.eu\/japan\/2015\/11\/29\/meine-erste-solo-bahnfahrt\/\">Meine erste Solo-Bahnfahrt<\/a><\/li>\n<li><a href=\"https:\/\/borncity.eu\/japan\/2015\/11\/30\/tokyo-asakusa-und-ginza\/\" rel=\"next\">Tokyo: Asakusa und Ginza<\/a><\/li>\n<li><a href=\"https:\/\/borncity.eu\/japan\/2016\/02\/21\/der-ausflug-zum-fuji-teil-1\/\">Der \u2018Ausflug\u2019 zum Fuji \u2013 Teil 1<\/a><\/li>\n<li><a href=\"https:\/\/borncity.eu\/japan\/2016\/03\/13\/der-ausflug-zum-fuji-teil-2\/\">Der \u2018Ausflug\u2019 zum Fuji \u2013 Teil 2<\/a><\/li>\n<li><a href=\"https:\/\/borncity.eu\/japan\/2016\/04\/24\/der-flug-nach-osaka\/\" target=\"_blank\" rel=\"noopener noreferrer\">Der Flug nach Osaka<\/a><\/li>\n<li><a href=\"https:\/\/borncity.eu\/japan\/2017\/04\/17\/kyoto-im-regen\/\">Kyoto im Regen<\/a><\/li>\n<li><a href=\"https:\/\/borncity.eu\/japan\/2017\/04\/17\/lost-in-pampa-ich-helfe-ihnen\/\">Lost in Pampa \u2013 \u201aIch helfe Ihnen\u2018<\/a><\/li>\n<li><a href=\"https:\/\/borncity.eu\/japan\/2017\/04\/18\/ein-tag-in-nara\/\" target=\"_blank\" rel=\"noopener noreferrer\">Ein Tag in Nara<\/a><\/li>\n<li><a href=\"https:\/\/borncity.eu\/japan\/2017\/04\/21\/but-born-san-you-didnt-get-lost\/\" rel=\"next\">But Born-San, you didn\u2019t get lost!<\/a><\/li>\n<li><a href=\"https:\/\/borncity.eu\/japan\/2017\/04\/22\/der-groe-budda-in-kamakura\/\" rel=\"next\">Der gro\u00dfe Budda in Kamakura<\/a><\/li>\n<li><a href=\"https:\/\/borncity.eu\/japan\/2017\/04\/23\/ausflug-nach-nikko\/\" rel=\"next\">Ausflug nach Nikko <\/a><\/li>\n<li><a href=\"https:\/\/borncity.eu\/japan\/2017\/04\/24\/japanischer-kalender-wechsel-einer-aera\/\">Japanischer Kalender &#8211; Wechsel einer \u00c4ra<\/a><\/li>\n<li><a href=\"https:\/\/borncity.eu\/japan\/2017\/04\/26\/postskriptum\/\" rel=\"next\">PostSkriptum <\/a><\/li>\n<\/ol>\n<p>Zur\u00fcck zu <a href=\"https:\/\/www.borncity.eu\/\">BornCity<\/a><\/p>\n","protected":false},"excerpt":{"rendered":"<p>Reiseerinnerungen an Japan Die 1. Reise nach Nippon \u2013 Teil 1 Reise: Fr\u00fchst\u00fcck in 11 km H\u00f6he \u00fcber dem japanischen Meer Sie werden abgeholt \u2026. Stadtausflug: Wie kommt man zum Hotel zur\u00fcck? Offenbachstuben Wenn Gaijin japanisch fr\u00fchst\u00fcckt\u2026 Abgebrannt in Japan-Land &hellip; <a href=\"https:\/\/borncity.eu\/japan\/\">Weiterlesen <span class=\"meta-nav\">&rarr;<\/span><\/a><\/p>\n","protected":false},"author":1,"featured_media":0,"parent":0,"menu_order":0,"comment_status":"closed","ping_status":"closed","template":"","meta":{"footnotes":""},"class_list":["post-21","page","type-page","status-publish","hentry"],"_links":{"self":[{"href":"https:\/\/borncity.eu\/japan\/wp-json\/wp\/v2\/pages\/21","targetHints":{"allow":["GET"]}}],"collection":[{"href":"https:\/\/borncity.eu\/japan\/wp-json\/wp\/v2\/pages"}],"about":[{"href":"https:\/\/borncity.eu\/japan\/wp-json\/wp\/v2\/types\/page"}],"author":[{"embeddable":true,"href":"https:\/\/borncity.eu\/japan\/wp-json\/wp\/v2\/users\/1"}],"replies":[{"embeddable":true,"href":"https:\/\/borncity.eu\/japan\/wp-json\/wp\/v2\/comments?post=21"}],"version-history":[{"count":5,"href":"https:\/\/borncity.eu\/japan\/wp-json\/wp\/v2\/pages\/21\/revisions"}],"predecessor-version":[{"id":970,"href":"https:\/\/borncity.eu\/japan\/wp-json\/wp\/v2\/pages\/21\/revisions\/970"}],"wp:attachment":[{"href":"https:\/\/borncity.eu\/japan\/wp-json\/wp\/v2\/media?parent=21"}],"curies":[{"name":"wp","href":"https:\/\/api.w.org\/{rel}","templated":true}]}}