{"id":2134,"date":"2016-12-15T08:44:47","date_gmt":"2016-12-15T07:44:47","guid":{"rendered":"http:\/\/borncity.com\/senioren\/?page_id=2134"},"modified":"2024-10-01T13:16:48","modified_gmt":"2024-10-01T11:16:48","slug":"ratgeber","status":"publish","type":"page","link":"https:\/\/borncity.eu\/senioren\/ratgeber\/","title":{"rendered":"Ratgeber und Informationen"},"content":{"rendered":"<h3>Gesundheit<\/h3>\n<p><a href=\"https:\/\/borncity.eu\/senioren\/2016\/12\/16\/fit-gegen-strze-im-alter\/\">Fit gegen St\u00fcrze im Alter<\/a><br \/>\n<a href=\"https:\/\/borncity.eu\/senioren\/2018\/02\/13\/gefahr-muskelabbau-im-alter\/\" rel=\"bookmark\">Gefahr: Muskelabbau im Alter<\/a><\/p>\n<p><a href=\"https:\/\/borncity.eu\/senioren\/2016\/11\/22\/koffein-verstrkt-die-wirkung-von-ibuprofen-co\/\" rel=\"bookmark\">Koffein verst\u00e4rkt die Wirkung von Ibuprofen &amp; Co.<br \/>\n<\/a><a href=\"https:\/\/borncity.eu\/senioren\/2016\/11\/11\/kaffee-schtzt-vor-diabetes-wenn-die-gene-dies-zulassen\/\" rel=\"bookmark\">Kaffee sch\u00fctzt vor Diabetes, wenn die Gene dies zulassen<\/a><a href=\"https:\/\/borncity.eu\/senioren\/2016\/11\/22\/koffein-verstrkt-die-wirkung-von-ibuprofen-co\/\" rel=\"bookmark\"><br \/>\n<\/a><a href=\"https:\/\/borncity.eu\/senioren\/2015\/11\/24\/nierenfunktion-und-insuffizienz-richtig-erkennen\/\" rel=\"bookmark\">Nierenfunktion und \u2013insuffizienz richtig erkennen<br \/>\n<\/a><a href=\"https:\/\/borncity.eu\/senioren\/2016\/12\/14\/leberfett-mit-eiweireichem-essen-abbauen\/\" rel=\"bookmark\">Leberfett: Mit eiwei\u00dfreichem Essen abbauen<br \/>\n<\/a><a href=\"https:\/\/borncity.eu\/senioren\/2016\/11\/19\/risiko-fr-herz-kreislauf-erkrankungen-steigt-bei-zu-wenig-kochsalz\/\" rel=\"bookmark\">Zu wenig Kochsalz, Herz-Kreislauf-Erkrankungsrisiko steigt<br \/>\n<\/a><a href=\"https:\/\/borncity.eu\/senioren\/2016\/11\/16\/gutartige-prostatavergrerung-neue-laserverfahren\/\" rel=\"bookmark\">Gutartige Prostatavergr\u00f6\u00dferung\u2013neue Laserverfahren<\/a><br \/>\n<a href=\"https:\/\/borncity.eu\/senioren\/2019\/08\/08\/bist-du-von-virushepatitis-infiziert-und-weit-es-nicht\/\">Bist Du von Virushepatitis infiziert und wei\u00dft es nicht?<\/a><\/p>\n<p><a href=\"https:\/\/borncity.eu\/senioren\/2016\/11\/10\/senfle-aus-kapuzinerkresse-antidiabetisch-und-entgiftend\/\" rel=\"bookmark\">Senf\u00f6le aus Kapuzinerkresse: antidiabetisch und entgiftend<\/a><br \/>\n<a href=\"https:\/\/borncity.eu\/senioren\/2017\/12\/24\/sodbrennen-ursache-und-hilfe\/\">Sodbrennen: Ursache und Hilfe<\/a><br \/>\n<a href=\"https:\/\/borncity.eu\/senioren\/2020\/01\/06\/gurkenwasser-hilfe-beim-wadenkrampf\/\" rel=\"bookmark\">Gurkenwasser, Hilfe beim Wadenkrampf<\/a><\/p>\n<p><a href=\"https:\/\/borncity.eu\/senioren\/2016\/09\/01\/ist-rotwein-gesund-was-die-wissenschaft-sagt\/\" rel=\"bookmark\">Ist Rotwein gesund? Was die Wissenschaft sagt \u2026<br \/>\n<\/a><a href=\"https:\/\/borncity.eu\/senioren\/2016\/09\/29\/sonne-bei-antibiotika-einnahme-meiden\/\" rel=\"bookmark\">Sonne bei Antibiotika-Einnahme meiden!<br \/>\n<\/a><a href=\"https:\/\/borncity.eu\/senioren\/2016\/08\/27\/alkohol-und-medikamente-eine-gefhrliche-kombination\/\" rel=\"bookmark\">Alkohol und Medikamente \u2013 eine gef\u00e4hrliche Kombination<br \/>\n<\/a><a href=\"https:\/\/borncity.eu\/senioren\/2016\/06\/26\/krner-und-kirschkernkissen-das-natrliche-heilmittel\/\" rel=\"bookmark\">K\u00f6rner- und Kirschkernkissen \u2013 das nat\u00fcrliche Heilmittel<br \/>\n<\/a><a href=\"https:\/\/borncity.eu\/senioren\/2015\/09\/08\/gelenkschmerzen-was-kann-ich-tun\/\" rel=\"bookmark\">Gelenkschmerzen \u2013 Was kann ich tun?<br \/>\n<\/a><a href=\"https:\/\/borncity.eu\/senioren\/2017\/08\/04\/akupressur-matte-rckenschmerzen-natrlich-lindern\/\" rel=\"bookmark\">Akupressur-Matte: R\u00fcckenschmerzen nat\u00fcrlich lindern<\/a><\/p>\n<p>&nbsp;<\/p>\n<p><a href=\"https:\/\/borncity.eu\/senioren\/2017\/07\/26\/gesunde-bewegung-der-kauf-der-barfuschuhe\/\">Gesunde Bewegung: Der Kauf der Barfu\u00dfschuhe<\/a><br \/>\n<a href=\"https:\/\/borncity.eu\/senioren\/2017\/07\/03\/elektrische-zahnbrste-besser-als-eine-handzahnbrste\/\">Elektrische Zahnb\u00fcrste besser als eine Handzahnb\u00fcrste?<\/a><br \/>\n<a href=\"https:\/\/borncity.eu\/senioren\/2017\/05\/07\/wiesn-zeit-saufen-bis-zum-vorhofflimmern\/\">Wiesn-Zeit: 'Saufen bis zum Vorhofflimmern'?<\/a><br \/>\n<a href=\"https:\/\/borncity.eu\/senioren\/2017\/03\/23\/diabetes-mit-bewegung-und-ernhrung-den-blutzuckerspiegel-senken\/\">Diabetes: Mit Bewegung und Ern\u00e4hrung den Blutzuckerspiegel senken<\/a><br \/>\n<a href=\"https:\/\/borncity.eu\/senioren\/2017\/04\/29\/tipps-fr-einen-besseren-schlaf\/\">Tipps f\u00fcr einen besseren Schlaf<\/a><br \/>\n<a href=\"https:\/\/borncity.eu\/senioren\/2017\/04\/24\/mate-tee-wundermittel-oder-finger-weg\/\">Mate-Tee: Wundermittel oder Finger weg?<\/a><br \/>\n<a href=\"https:\/\/borncity.eu\/senioren\/2017\/04\/19\/blitztraining-fit-in-30-minuten\/\">Blitztraining \u2013 fit in 30 Minuten<\/a><br \/>\n<a href=\"https:\/\/borncity.eu\/senioren\/2017\/04\/14\/wirkt-coenzym-q10-bei-bluthochdruck\/\">Wirkt Coenzym Q10 bei Bluthochdruck?<\/a><br \/>\n<a href=\"https:\/\/borncity.eu\/senioren\/2017\/04\/10\/krank-ich-frag-dr-internet\/\">Krank? Ich frag Dr. Internet \u2026<\/a><br \/>\n<a href=\"https:\/\/borncity.eu\/senioren\/2017\/04\/07\/depressionen-verstehen-und-berwinden\/\">Depressionen: Verstehen und \u00fcberwinden<\/a><br \/>\n<a href=\"https:\/\/borncity.eu\/senioren\/2017\/04\/17\/ernhrung-dem-alter-anpassen\/\">Ern\u00e4hrung dem Alter anpassen<\/a><br \/>\n<a href=\"https:\/\/borncity.eu\/senioren\/2017\/04\/17\/krank-am-feiertagwochenende-arzt-oder-apothekennotdienst-finden\/\">Krank am Feiertag\/Wochenende: Arzt- oder Apothekennotdienst finden<\/a><\/p>\n<h3>Rente<\/h3>\n<p><a href=\"https:\/\/borncity.eu\/senioren\/2016\/10\/11\/rentenberatung-der-drv\/\" rel=\"bookmark\">Tipp: Die Rentenberatung der Deutsche Rentenversicherung<\/a><br \/>\n<a href=\"https:\/\/borncity.eu\/senioren\/2016\/10\/13\/rentenantrge-bei-der-deutsche-rentenversicherung-anfordern\/\" rel=\"bookmark\">Rentenantr\u00e4ge bei der Deutsche Rentenversicherung anfordern<\/a><br \/>\n<a href=\"https:\/\/borncity.eu\/senioren\/2016\/10\/14\/tipp-ergnzende-informationen-fr-rentner-bei-der-drv\/\" rel=\"bookmark\">Tipp: Erg\u00e4nzende Informationen f\u00fcr Rentner bei der DRV<br \/>\n<\/a><a href=\"https:\/\/borncity.eu\/senioren\/2016\/10\/12\/steuererklrung-fr-rentner-ausfllhilfe-anfordern\/\" rel=\"bookmark\">Steuererkl\u00e4rung f\u00fcr Rentner: Ausf\u00fcllhilfe anfordern<\/a><br \/>\n<a href=\"https:\/\/borncity.eu\/senioren\/2017\/01\/05\/tipp-online-rechner-fr-rentenhhe-und-beginn\/\" rel=\"bookmark\">Tipp: Online-Rechner f\u00fcr Rentenh\u00f6he und \u2013beginn<\/a><br \/>\n<a href=\"https:\/\/borncity.eu\/senioren\/2018\/01\/18\/arbeiten-im-hheren-lebensalter\/\" rel=\"bookmark\">Arbeiten im h\u00f6heren Lebensalter \u2026 warum nicht?<\/a><\/p>\n<h3>Sport\/Fitness<\/h3>\n<p><a href=\"https:\/\/borncity.eu\/senioren\/2016\/12\/16\/fit-gegen-strze-im-alter\/\">Fit gegen St\u00fcrze im Alter<\/a><br \/>\n<a href=\"https:\/\/borncity.eu\/senioren\/2016\/01\/10\/krperlich-fit-bis-90\/\" rel=\"bookmark\">K\u00f6rperlich fit bis 90 \u2026<br \/>\n<\/a><a href=\"https:\/\/borncity.eu\/senioren\/2016\/01\/30\/faszien-was-taugt-das-training\/\" rel=\"bookmark\">Faszien: Was taugt das Training?<br \/>\n<\/a><a href=\"https:\/\/borncity.eu\/senioren\/2016\/06\/29\/freiluft-aktivitten-helfen-senioren-lnger-gesund-zu-bleiben\/\" rel=\"bookmark\">Freiluft-Aktivit\u00e4ten helfen Senioren l\u00e4nger gesund zu bleiben<\/a><br \/>\n<a href=\"https:\/\/borncity.eu\/senioren\/2018\/02\/13\/gefahr-muskelabbau-im-alter\/\" rel=\"bookmark\">Gefahr: Muskelabbau im Alter<\/a><br \/>\n<a href=\"https:\/\/borncity.eu\/senioren\/2018\/02\/14\/hantelbungen-zum-muskelaufbau-erhalt\/\" rel=\"bookmark\">Hantel\u00fcbungen zum Muskelaufbau\/-erhalt<\/a><br \/>\n<a href=\"https:\/\/borncity.eu\/senioren\/2018\/02\/08\/muskeltraining-und-aufbau-mit-togu-brasil\/\" rel=\"bookmark\">Muskeltraining und -aufbau mit TOGU\u00ae Brasil\u00ae<\/a><\/p>\n<p><a href=\"https:\/\/borncity.eu\/senioren\/2017\/07\/26\/gesunde-bewegung-der-kauf-der-barfuschuhe\/\">Gesunde Bewegung: Der Kauf der Barfu\u00dfschuhe<\/a><br \/>\n<a href=\"https:\/\/borncity.eu\/senioren\/2017\/10\/02\/fitness-und-balancebungen-mit-dem-ballkissen\/\" rel=\"bookmark\">Fitness- und Balance\u00fcbungen mit dem Ball-\/Balancekissen<\/a><br \/>\n<a href=\"https:\/\/borncity.eu\/senioren\/?p=4581\">\u00dcbungen gegen R\u00fcckenschmerzen mit dem Turn-Stab<\/a>\u00a0\u2013 Teil I<br \/>\n<a href=\"https:\/\/borncity.eu\/senioren\/2017\/11\/24\/bungen-gegen-rckenschmerzen-mit-dem-turn-stab-teil-ii\/\">\u00dcbungen gegen R\u00fcckenschmerzen mit dem Turn-Stab<\/a>\u00a0\u2013 Teil II<\/p>\n<p><a href=\"https:\/\/borncity.eu\/senioren\/?p=4792\">R\u00fcckenschmerzen? \u00dcbungen zum Nulltarif<\/a>\u00a0\u2013 Teil 1<br \/>\n<a href=\"https:\/\/borncity.eu\/senioren\/?p=4800\">R\u00fcckenschmerzen? \u00dcbungen zum Nulltarif<\/a>\u00a0\u2013 Teil 2<\/p>\n<p><a href=\"https:\/\/borncity.eu\/senioren\/2017\/10\/02\/fitness-und-balancebungen-mit-dem-ballkissen\/\">Fitness- und Balance\u00fcbungen mit dem Balancekissen<\/a>\u00a0\u2013 Teil 1<br \/>\n<a href=\"https:\/\/borncity.eu\/senioren\/2017\/10\/02\/fitness-und-balancebungen-mit-dem-ballkissen-teil-2\/\">Fitness- und Balance\u00fcbungen mit dem Ballkissen\u00ae<\/a>\u00a0\u2013 Teil 2<br \/>\n<a href=\"https:\/\/borncity.eu\/senioren\/2018\/01\/22\/fitnessbungen-mit-dem-togu-aero-step\/\" rel=\"bookmark\">Fitness\u00fcbungen mit dem TOGU AERO-STEP\u00ae<\/a><\/p>\n<h3>Sicherheit<\/h3>\n<p><a href=\"https:\/\/borncity.eu\/senioren\/2016\/04\/15\/sicherheitstipp-quicktime-in-windows-deinstallieren\/\" rel=\"bookmark\">Sicherheitstipp: QuickTime in Windows deinstallieren<br \/>\n<\/a><a href=\"https:\/\/borncity.eu\/senioren\/2016\/01\/09\/sicherheitslcke-fritz-box-nutzer-aufgepasst\/\" rel=\"bookmark\">Sicherheitsl\u00fccke: FRITZ-Box-Nutzer aufgepasst<br \/>\n<\/a><a href=\"https:\/\/web.archive.org\/web\/20210515104536\/https:\/\/borncity.eu\/senioren\/2016\/06\/08\/achtung-firmware-der-avm-router-aktualisieren\/\" rel=\"bookmark\">Achtung: Firmware der (AVM)-Router aktualisieren<\/a><a href=\"https:\/\/borncity.eu\/senioren\/2016\/01\/09\/sicherheitslcke-fritz-box-nutzer-aufgepasst\/\" rel=\"bookmark\"><br \/>\n<\/a><a href=\"https:\/\/borncity.eu\/senioren\/2015\/12\/01\/app-sicherheitsbarometer-fr-brger\/\" rel=\"bookmark\">App: Sicherheitsbarometer f\u00fcr B\u00fcrger<br \/>\n<\/a><a href=\"https:\/\/web.archive.org\/web\/20210620130301\/https:\/\/borncity.eu\/senioren\/2015\/11\/06\/sicherheitstipp-adobe-flash-aktualisieren\/\" rel=\"bookmark\">Sicherheitstipp: Adobe Flash aktualisieren<\/a><a href=\"https:\/\/borncity.eu\/senioren\/2015\/01\/21\/sicherheit-office-macro-trojaner-welle\/\" rel=\"bookmark\">Sicherheit: Office-Macro-Trojaner-Welle<br \/>\n<\/a><a href=\"https:\/\/borncity.eu\/senioren\/2016\/12\/02\/botnet-avalanche-abgeschaltet-was-sollte-ich-wissen\/\" rel=\"bookmark\">Botnet Avalanche abgeschaltet \u2013 was sollte ich wissen?<\/a><\/p>\n<p><a href=\"https:\/\/borncity.eu\/senioren\/2015\/01\/03\/phishing-das-sollten-sie-wissen\/\" rel=\"bookmark\">Phishing \u2013 das sollten Sie wissen<br \/>\n<\/a><a href=\"https:\/\/web.archive.org\/web\/20210515111821\/https:\/\/borncity.eu\/senioren\/2015\/12\/15\/achtung-vor-trojanern-in-word-dateienmail-anhngen\/\" rel=\"bookmark\">Achtung vor Trojanern in Word-Dateien\/Mail-Anh\u00e4ngen<\/a><\/p>\n<p><a href=\"https:\/\/borncity.eu\/senioren\/2016\/07\/31\/vorsicht-bei-wlan-nutzung-im-ausland\/\" rel=\"bookmark\">Vorsicht bei WLAN-Nutzung im Ausland<br \/>\n<\/a><a href=\"https:\/\/borncity.eu\/senioren\/2016\/07\/28\/hacker-verffentlichen-generalschlssel-fr-koffer\/\" rel=\"bookmark\">Hacker ver\u00f6ffentlichen Generalschl\u00fcssel f\u00fcr Koffer<br \/>\n<\/a><a href=\"https:\/\/borncity.eu\/senioren\/2016\/07\/10\/sicher-im-urlaub-mit-smartphone-co\/\" rel=\"bookmark\">Sicher im Urlaub mit Smartphone &amp; Co.<\/a><a href=\"https:\/\/borncity.eu\/senioren\/2016\/07\/10\/sicher-im-urlaub-mit-smartphone-co\/\" rel=\"bookmark\"><br \/>\n<\/a><a href=\"https:\/\/borncity.eu\/senioren\/2015\/12\/01\/smarthome-seniorenwohnung-und-sicherheit\/\" rel=\"bookmark\">SmartHome: Seniorenwohnung und Sicherheit \u2026<br \/>\n<\/a><a href=\"https:\/\/borncity.eu\/senioren\/2016\/06\/14\/der-smart-tv-als-datenschleuder\/\" rel=\"bookmark\">Der Smart TV als Datenschleuder<\/a><\/p>\n<p><a href=\"https:\/\/web.archive.org\/web\/20210515111541\/https:\/\/borncity.eu\/senioren\/2016\/02\/25\/neue-bedrohung-durch-verschlsselungs-und-banking-trojaner\/\" rel=\"bookmark\">Neue Bedrohung durch Verschl\u00fcsselungs- und Banking-Trojaner<\/a><a href=\"https:\/\/borncity.eu\/senioren\/2015\/12\/30\/vorsicht-pushtan-app-der-sparkassen-unsicher\/\" rel=\"bookmark\">Vorsicht: pushTAN-App der Sparkassen unsicher<br \/>\n<\/a><a href=\"https:\/\/borncity.eu\/senioren\/2015\/10\/25\/online-banking-app-tans-der-sparkasse-unsicher\/\" rel=\"bookmark\">Online-Banking: App-TANs (u.a. der Sparkassen) unsicher<br \/>\n<\/a><a href=\"https:\/\/borncity.eu\/senioren\/2015\/10\/03\/achtung-paypal-trojaner-zielt-auf-deutsch-nutzer\/\" rel=\"bookmark\">Achtung: PayPal-Trojaner zielt auf deutsche Nutzer<\/a><a href=\"https:\/\/borncity.eu\/senioren\/2015\/12\/30\/vorsicht-pushtan-app-der-sparkassen-unsicher\/\" rel=\"bookmark\"><br \/>\n<\/a><a href=\"https:\/\/borncity.eu\/senioren\/2016\/06\/27\/sind-meine-online-konten-gehackt\/\" rel=\"bookmark\">Sind meine Online-Konten gehackt?<br \/>\n<\/a>Warnung vor Banking-Trojanern<\/p>\n<p><a href=\"https:\/\/borncity.eu\/senioren\/2015\/03\/09\/test-ist-mein-android-gert-noch-sicher\/\" rel=\"bookmark\">Test: Ist mein Android-Ger\u00e4t noch sicher?<br \/>\n<\/a><a href=\"https:\/\/borncity.eu\/senioren\/2015\/01\/27\/tipp-alte-android-handystablets-absichern\/\" rel=\"bookmark\">Tipp: Alte Android-Handys\/Tablets besser absichern<\/a><\/p>\n<p><a href=\"https:\/\/borncity.eu\/senioren\/2016\/06\/06\/betrug-jose-luis-chillon-und-das-erbe\/\" rel=\"bookmark\">Betrug: JOSE LUIS CHILLON und das Erbe \u2026<br \/>\n<\/a><a href=\"https:\/\/borncity.eu\/senioren\/2015\/12\/03\/betrug-falsche-telekom-techniker-bitten-um-anruf\/\" rel=\"bookmark\">Betrug: Falsche Telekom-Techniker bitten um Anruf<br \/>\n<\/a><a href=\"https:\/\/borncity.eu\/senioren\/2014\/12\/19\/warnung-betrger-geben-sich-telefonisch-als-microsoft-mitarbeiter-aus\/\" rel=\"bookmark\">Warnung: Betr\u00fcger geben sich telefonisch als Microsoft-Mitarbeiter aus<\/a><\/p>\n<h3>Sonstiges<\/h3>\n<p><a href=\"https:\/\/borncity.eu\/senioren\/2016\/07\/05\/luft-die-rennpappe-fhrerschein-frher-ab\/\" rel=\"bookmark\">L\u00e4uft die \"Rennpappe\" (F\u00fchrerschein) fr\u00fcher ab?<br \/>\n<\/a><a href=\"https:\/\/borncity.eu\/senioren\/2015\/07\/05\/was-die-euro-krise-fr-deutsche-sparer-bedeutet\/\" rel=\"bookmark\">Was die Euro-Krise f\u00fcr deutsche Sparer bedeutet<br \/>\n<\/a><a href=\"https:\/\/borncity.eu\/senioren\/2016\/10\/06\/beitrge-fr-private-krankenversicherung-soll-um-11-steigen\/\" rel=\"bookmark\">Beitr\u00e4ge f\u00fcr private Krankenversicherung soll um 11% steigen<br \/>\n<\/a><a href=\"https:\/\/borncity.eu\/senioren\/2016\/07\/04\/blue-zones-wo-menschen-vital-bis-ins-hohe-alter-leben\/\" rel=\"bookmark\">\"Blue Zones\"\u2013 wo Menschen vital bis ins hohe Alter leben<br \/>\n<\/a><a href=\"https:\/\/borncity.eu\/senioren\/2015\/02\/07\/grne-kost-hebt-die-stimmung-winter-blues-ade\/\" rel=\"bookmark\">Gr\u00fcne Kost hebt die Stimmung \u2013 Winter-Blues ade<br \/>\n<\/a><a href=\"https:\/\/borncity.eu\/senioren\/2016\/12\/15\/led-taschenlampe-mit-dynamo-zu-laden\/\" rel=\"bookmark\">F\u00fcr Notf\u00e4lle: Per Dynamo aufladbare LED-Taschenlampe<br \/>\n<\/a><a href=\"https:\/\/borncity.eu\/senioren\/2016\/11\/08\/das-auto-winterfest-machen\/\" rel=\"bookmark\">Das Auto winterfest machen \u2026<\/a><\/p>\n","protected":false},"excerpt":{"rendered":"<p>Gesundheit Fit gegen St\u00fcrze im Alter Gefahr: Muskelabbau im Alter Koffein verst\u00e4rkt die Wirkung von Ibuprofen &amp; Co. Kaffee sch\u00fctzt vor Diabetes, wenn die Gene dies zulassen Nierenfunktion und \u2013insuffizienz richtig erkennen Leberfett: Mit eiwei\u00dfreichem Essen abbauen Zu wenig Kochsalz, &hellip; <a href=\"https:\/\/borncity.eu\/senioren\/ratgeber\/\">Weiterlesen <span class=\"meta-nav\">&rarr;<\/span><\/a><\/p>\n","protected":false},"author":1,"featured_media":0,"parent":0,"menu_order":0,"comment_status":"closed","ping_status":"closed","template":"","meta":{"footnotes":""},"class_list":["post-2134","page","type-page","status-publish","hentry"],"_links":{"self":[{"href":"https:\/\/borncity.eu\/senioren\/wp-json\/wp\/v2\/pages\/2134","targetHints":{"allow":["GET"]}}],"collection":[{"href":"https:\/\/borncity.eu\/senioren\/wp-json\/wp\/v2\/pages"}],"about":[{"href":"https:\/\/borncity.eu\/senioren\/wp-json\/wp\/v2\/types\/page"}],"author":[{"embeddable":true,"href":"https:\/\/borncity.eu\/senioren\/wp-json\/wp\/v2\/users\/1"}],"replies":[{"embeddable":true,"href":"https:\/\/borncity.eu\/senioren\/wp-json\/wp\/v2\/comments?post=2134"}],"version-history":[{"count":5,"href":"https:\/\/borncity.eu\/senioren\/wp-json\/wp\/v2\/pages\/2134\/revisions"}],"predecessor-version":[{"id":26241,"href":"https:\/\/borncity.eu\/senioren\/wp-json\/wp\/v2\/pages\/2134\/revisions\/26241"}],"wp:attachment":[{"href":"https:\/\/borncity.eu\/senioren\/wp-json\/wp\/v2\/media?parent=2134"}],"curies":[{"name":"wp","href":"https:\/\/api.w.org\/{rel}","templated":true}]}}